{"id":714,"date":"2022-07-04T16:57:16","date_gmt":"2022-07-04T16:57:16","guid":{"rendered":"https:\/\/mblasercutting.ch\/wordpress\/?page_id=714"},"modified":"2023-05-22T18:03:55","modified_gmt":"2023-05-22T18:03:55","slug":"maschinen","status":"publish","type":"page","link":"https:\/\/mblasercutting.ch\/?page_id=714","title":{"rendered":"Maschinen"},"content":{"rendered":"\t\t<div data-elementor-type=\"wp-page\" data-elementor-id=\"714\" class=\"elementor elementor-714\">\n\t\t\t\t\t\t\t\t\t<section class=\"elementor-section elementor-top-section elementor-element elementor-element-7bfb7e0 elementor-section-boxed elementor-section-height-default elementor-section-height-default\" data-id=\"7bfb7e0\" data-element_type=\"section\">\n\t\t\t\t\t\t<div class=\"elementor-container elementor-column-gap-default\">\n\t\t\t\t\t<div class=\"elementor-column elementor-col-50 elementor-top-column elementor-element elementor-element-bd1eb0c\" data-id=\"bd1eb0c\" data-element_type=\"column\">\n\t\t\t<div class=\"elementor-widget-wrap elementor-element-populated\">\n\t\t\t\t\t\t\t\t<div class=\"elementor-element elementor-element-008cb2a elementor-cta--skin-classic elementor-animated-content elementor-bg-transform elementor-bg-transform-zoom-in elementor-widget elementor-widget-call-to-action\" data-id=\"008cb2a\" data-element_type=\"widget\" data-widget_type=\"call-to-action.default\">\n\t\t\t\t<div class=\"elementor-widget-container\">\n\t\t\t<link rel=\"stylesheet\" href=\"https:\/\/mblasercutting.ch\/wp-content\/plugins\/elementor-pro\/assets\/css\/widget-call-to-action.min.css\">\t\t<div class=\"elementor-cta\">\n\t\t\t\t\t<div class=\"elementor-cta__bg-wrapper\">\n\t\t\t\t<div class=\"elementor-cta__bg elementor-bg\" style=\"background-image: url(https:\/\/mblasercutting.ch\/wp-content\/uploads\/2022\/07\/DSC_0362-1024x683.jpg);\"><\/div>\n\t\t\t\t<div class=\"elementor-cta__bg-overlay\"><\/div>\n\t\t\t<\/div>\n\t\t\t\t\t\t\t<div class=\"elementor-cta__content\">\n\t\t\t\t\n\t\t\t\t<h2 class=\"elementor-cta__title elementor-cta__content-item elementor-content-item\">Lasercutter GCC Spirit GLS<\/h2>\n\t\t\t\t\t\t\t\t\t<div class=\"elementor-cta__description elementor-cta__content-item elementor-content-item\">\n\t\t\t\t\t\t- Laser: 60W<br><span style=\"font-size: 1rem; text-align: start;\">- Pr\u00e4zise und schnelle Schlittenbewegung dank Hochleistungs-DC-Servomotortechnologie<\/span><br><span style=\"font-size: 1rem; text-align: start;\">- Arbeitsfl\u00e4che: 965 x 610mm (inkl. Durchreiche f\u00fcr gr\u00f6ssere Werkst\u00fccke)<\/span><br>- 3D Gravur: \u00dcber 200 verschiedene Graustufen\t\t\t\t\t<\/div>\n\t\t\t\t\n\t\t\t\t\t\t\t<\/div>\n\t\t\t\t\t\t<\/div>\n\t\t\t\t<\/div>\n\t\t\t\t<\/div>\n\t\t\t\t\t<\/div>\n\t\t<\/div>\n\t\t\t\t<div class=\"elementor-column elementor-col-50 elementor-top-column elementor-element elementor-element-f0490e6\" data-id=\"f0490e6\" data-element_type=\"column\">\n\t\t\t<div class=\"elementor-widget-wrap elementor-element-populated\">\n\t\t\t\t\t\t\t\t<div class=\"elementor-element elementor-element-f86490f elementor-cta--skin-classic elementor-animated-content elementor-bg-transform elementor-bg-transform-zoom-in elementor-widget elementor-widget-call-to-action\" data-id=\"f86490f\" data-element_type=\"widget\" data-widget_type=\"call-to-action.default\">\n\t\t\t\t<div class=\"elementor-widget-container\">\n\t\t\t\t\t<div class=\"elementor-cta\">\n\t\t\t\t\t<div class=\"elementor-cta__bg-wrapper\">\n\t\t\t\t<div class=\"elementor-cta__bg elementor-bg\" style=\"background-image: url(https:\/\/mblasercutting.ch\/wp-content\/uploads\/2022\/07\/DSC_0374-1024x683.jpg);\"><\/div>\n\t\t\t\t<div class=\"elementor-cta__bg-overlay\"><\/div>\n\t\t\t<\/div>\n\t\t\t\t\t\t\t<div class=\"elementor-cta__content\">\n\t\t\t\t\n\t\t\t\t<h2 class=\"elementor-cta__title elementor-cta__content-item elementor-content-item\">3D Printer Creality  Ender-3 Pro<br><\/h2>\n\t\t\t\t\t\t\t\t\t<div class=\"elementor-cta__description elementor-cta__content-item elementor-content-item\">\n\t\t\t\t\t\t- Laser: 60W<br><span style=\"font-size: 1rem; text-align: start;\">- Pr\u00e4zise und schnelle Schlittenbewegung dank Hochleistungs-DC-Servomotortechnologie<\/span><br><span style=\"font-size: 1rem; text-align: start;\">- Arbeitsfl\u00e4che: 250 x 250mm<\/span><br>- 3D Gravur: \u00dcber 200 verschiedene Graustufen\t\t\t\t\t<\/div>\n\t\t\t\t\n\t\t\t\t\t\t\t<\/div>\n\t\t\t\t\t\t<\/div>\n\t\t\t\t<\/div>\n\t\t\t\t<\/div>\n\t\t\t\t\t<\/div>\n\t\t<\/div>\n\t\t\t\t\t\t\t<\/div>\n\t\t<\/section>\n\t\t\t\t\t\t\t<\/div>\n\t\t","protected":false},"excerpt":{"rendered":"<p>Lasercutter GCC Spirit GLS &#8211; Laser: 60W&#8211; Pr\u00e4zise und schnelle Schlittenbewegung dank Hochleistungs-DC-Servomotortechnologie&#8211; Arbeitsfl\u00e4che: 965 x 610mm (inkl. Durchreiche f\u00fcr gr\u00f6ssere Werkst\u00fccke)&#8211; 3D Gravur: \u00dcber 200 verschiedene Graustufen 3D Printer Creality Ender-3 Pro &#8211; Laser: 60W&#8211; Pr\u00e4zise und schnelle Schlittenbewegung dank Hochleistungs-DC-Servomotortechnologie&#8211; Arbeitsfl\u00e4che: 250 x 250mm&#8211; 3D Gravur: \u00dcber 200 verschiedene Graustufen<\/p>\n","protected":false},"author":1,"featured_media":0,"parent":0,"menu_order":0,"comment_status":"closed","ping_status":"closed","template":"","meta":{"footnotes":""},"class_list":["post-714","page","type-page","status-publish","hentry"],"_links":{"self":[{"href":"https:\/\/mblasercutting.ch\/index.php?rest_route=\/wp\/v2\/pages\/714","targetHints":{"allow":["GET"]}}],"collection":[{"href":"https:\/\/mblasercutting.ch\/index.php?rest_route=\/wp\/v2\/pages"}],"about":[{"href":"https:\/\/mblasercutting.ch\/index.php?rest_route=\/wp\/v2\/types\/page"}],"author":[{"embeddable":true,"href":"https:\/\/mblasercutting.ch\/index.php?rest_route=\/wp\/v2\/users\/1"}],"replies":[{"embeddable":true,"href":"https:\/\/mblasercutting.ch\/index.php?rest_route=%2Fwp%2Fv2%2Fcomments&post=714"}],"version-history":[{"count":10,"href":"https:\/\/mblasercutting.ch\/index.php?rest_route=\/wp\/v2\/pages\/714\/revisions"}],"predecessor-version":[{"id":858,"href":"https:\/\/mblasercutting.ch\/index.php?rest_route=\/wp\/v2\/pages\/714\/revisions\/858"}],"wp:attachment":[{"href":"https:\/\/mblasercutting.ch\/index.php?rest_route=%2Fwp%2Fv2%2Fmedia&parent=714"}],"curies":[{"name":"wp","href":"https:\/\/api.w.org\/{rel}","templated":true}]}}