{"id":95,"date":"2022-02-03T17:37:51","date_gmt":"2022-02-03T17:37:51","guid":{"rendered":"https:\/\/mblasercutting.ch\/wordpress\/?page_id=95"},"modified":"2023-05-03T17:31:27","modified_gmt":"2023-05-03T17:31:27","slug":"ueber-mich","status":"publish","type":"page","link":"https:\/\/mblasercutting.ch\/?page_id=95","title":{"rendered":"\u00dcber mich"},"content":{"rendered":"\t\t<div data-elementor-type=\"wp-page\" data-elementor-id=\"95\" class=\"elementor elementor-95\">\n\t\t\t\t\t\t\t\t\t<section class=\"elementor-section elementor-top-section elementor-element elementor-element-baf4685 elementor-section-boxed elementor-section-height-default elementor-section-height-default\" data-id=\"baf4685\" data-element_type=\"section\">\n\t\t\t\t\t\t<div class=\"elementor-container elementor-column-gap-default\">\n\t\t\t\t\t<div class=\"elementor-column elementor-col-100 elementor-top-column elementor-element elementor-element-974129d\" data-id=\"974129d\" data-element_type=\"column\">\n\t\t\t<div class=\"elementor-widget-wrap elementor-element-populated\">\n\t\t\t\t\t\t\t\t<div class=\"elementor-element elementor-element-2face3d elementor-widget elementor-widget-image\" data-id=\"2face3d\" data-element_type=\"widget\" data-widget_type=\"image.default\">\n\t\t\t\t<div class=\"elementor-widget-container\">\n\t\t\t<style>\/*! elementor - v3.12.2 - 23-04-2023 *\/\n.elementor-widget-image{text-align:center}.elementor-widget-image a{display:inline-block}.elementor-widget-image a img[src$=\".svg\"]{width:48px}.elementor-widget-image img{vertical-align:middle;display:inline-block}<\/style>\t\t\t\t\t\t\t\t\t\t\t\t<img loading=\"lazy\" decoding=\"async\" width=\"1120\" height=\"400\" src=\"https:\/\/mblasercutting.ch\/wp-content\/uploads\/2022\/07\/Slider_UeberMich.png\" class=\"attachment-full size-full wp-image-710\" alt=\"\" srcset=\"https:\/\/mblasercutting.ch\/wp-content\/uploads\/2022\/07\/Slider_UeberMich.png 1120w, https:\/\/mblasercutting.ch\/wp-content\/uploads\/2022\/07\/Slider_UeberMich-600x214.png 600w, https:\/\/mblasercutting.ch\/wp-content\/uploads\/2022\/07\/Slider_UeberMich-300x107.png 300w, https:\/\/mblasercutting.ch\/wp-content\/uploads\/2022\/07\/Slider_UeberMich-1024x366.png 1024w, https:\/\/mblasercutting.ch\/wp-content\/uploads\/2022\/07\/Slider_UeberMich-768x274.png 768w\" sizes=\"auto, (max-width: 1120px) 100vw, 1120px\" \/>\t\t\t\t\t\t\t\t\t\t\t\t\t\t\t<\/div>\n\t\t\t\t<\/div>\n\t\t\t\t<div class=\"elementor-element elementor-element-69f5dff elementor-widget elementor-widget-text-editor\" data-id=\"69f5dff\" data-element_type=\"widget\" data-widget_type=\"text-editor.default\">\n\t\t\t\t<div class=\"elementor-widget-container\">\n\t\t\t<style>\/*! elementor - v3.12.2 - 23-04-2023 *\/\n.elementor-widget-text-editor.elementor-drop-cap-view-stacked .elementor-drop-cap{background-color:#69727d;color:#fff}.elementor-widget-text-editor.elementor-drop-cap-view-framed .elementor-drop-cap{color:#69727d;border:3px solid;background-color:transparent}.elementor-widget-text-editor:not(.elementor-drop-cap-view-default) .elementor-drop-cap{margin-top:8px}.elementor-widget-text-editor:not(.elementor-drop-cap-view-default) .elementor-drop-cap-letter{width:1em;height:1em}.elementor-widget-text-editor .elementor-drop-cap{float:left;text-align:center;line-height:1;font-size:50px}.elementor-widget-text-editor .elementor-drop-cap-letter{display:inline-block}<\/style>\t\t\t\t<p>Geboren in Zug und aufgewachsen in Steinen SZ, bin ich seit meiner Kindheit von handwerklichen F\u00e4higkeiten begeistert. Diese Begeisterung f\u00fcr kreative Arbeiten faszinieren mich jeden Tag aufs Neue.<\/p><p>F\u00fcr mich ist die Lasergravur eine Kunstform, die es mir erm\u00f6glicht, die Seele des Materials zum Leben zu erwecken. Ich betrachte jede Gravur als einzigartig und versuche dadurch eine Geschichte zu erz\u00e4hlen. Durch die Pr\u00e4zision und Detailtreue, die die Lasergravur bietet, kann ich das Unm\u00f6gliche m\u00f6glich machen und das Gew\u00f6hnliche aussergew\u00f6hnlich gestalten.<\/p><p>Ich biete eine breite Palette von Gravurdienstleistungen an, von personalisierten Geschenken und Andenken bis hin zu dekorativen Kunstwerken. Jede Arbeit wird mit Sorgfalt und Liebe zum Detail ausgef\u00fchrt, um sicherzustellen, dass das Endprodukt genau das ist, was Du Dir vorgestellt hast.<\/p><p>Durch mein Wissen und Flair f\u00fcr handwerkliche Arbeiten versuche ich auch Garten- und Umgebungsgestaltung an die Kundschaft zu bringen. Ich gehe gerne auf die Ideen und W\u00fcnsche der Kundschaft ein und probiere diese in voller Zufriedenheit zu erledigen.<\/p><p>Kontaktiere mich gerne f\u00fcr weitere Informationen oder um eine Bestellung aufzugeben \u00fcber das\u00a0<a href=\"https:\/\/mblasercutting.ch\/?page_id=347\" target=\"_blank\" rel=\"noopener\">Kontaktformular<\/a>.<\/p>\t\t\t\t\t\t<\/div>\n\t\t\t\t<\/div>\n\t\t\t\t\t<\/div>\n\t\t<\/div>\n\t\t\t\t\t\t\t<\/div>\n\t\t<\/section>\n\t\t\t\t\t\t\t<\/div>\n\t\t","protected":false},"excerpt":{"rendered":"<p>Geboren in Zug und aufgewachsen in Steinen SZ, bin ich seit meiner Kindheit von handwerklichen F\u00e4higkeiten begeistert. Diese Begeisterung f\u00fcr kreative Arbeiten faszinieren mich jeden Tag aufs Neue. F\u00fcr mich ist die Lasergravur eine Kunstform, die es mir erm\u00f6glicht, die Seele des Materials zum Leben zu erwecken. Ich betrachte jede Gravur als einzigartig und versuche [&hellip;]<\/p>\n","protected":false},"author":1,"featured_media":0,"parent":0,"menu_order":0,"comment_status":"closed","ping_status":"closed","template":"","meta":{"footnotes":""},"class_list":["post-95","page","type-page","status-publish","hentry"],"_links":{"self":[{"href":"https:\/\/mblasercutting.ch\/index.php?rest_route=\/wp\/v2\/pages\/95","targetHints":{"allow":["GET"]}}],"collection":[{"href":"https:\/\/mblasercutting.ch\/index.php?rest_route=\/wp\/v2\/pages"}],"about":[{"href":"https:\/\/mblasercutting.ch\/index.php?rest_route=\/wp\/v2\/types\/page"}],"author":[{"embeddable":true,"href":"https:\/\/mblasercutting.ch\/index.php?rest_route=\/wp\/v2\/users\/1"}],"replies":[{"embeddable":true,"href":"https:\/\/mblasercutting.ch\/index.php?rest_route=%2Fwp%2Fv2%2Fcomments&post=95"}],"version-history":[{"count":28,"href":"https:\/\/mblasercutting.ch\/index.php?rest_route=\/wp\/v2\/pages\/95\/revisions"}],"predecessor-version":[{"id":736,"href":"https:\/\/mblasercutting.ch\/index.php?rest_route=\/wp\/v2\/pages\/95\/revisions\/736"}],"wp:attachment":[{"href":"https:\/\/mblasercutting.ch\/index.php?rest_route=%2Fwp%2Fv2%2Fmedia&parent=95"}],"curies":[{"name":"wp","href":"https:\/\/api.w.org\/{rel}","templated":true}]}}