{"id":662,"date":"2022-04-04T18:52:26","date_gmt":"2022-04-04T18:52:26","guid":{"rendered":"https:\/\/mblasercutting.ch\/wordpress\/?post_type=product&#038;p=662"},"modified":"2022-04-04T18:56:12","modified_gmt":"2022-04-04T18:56:12","slug":"chromstahl-boexli","status":"publish","type":"product","link":"https:\/\/mblasercutting.ch\/?product=chromstahl-boexli","title":{"rendered":"Chromstahl-B\u00f6xli"},"content":{"rendered":"<p>Chromstahl-B\u00f6xli mit 1200ml Inhalt. Mit dem Auslaufsicheren Deckel kein Problem f\u00fcr Wanderungen, Ausfl\u00fcge usw.<\/p>\n","protected":false},"excerpt":{"rendered":"<ul>\n<li>Zn\u00fcni-B\u00f6xli aus Chromstahl<\/li>\n<li>1200ml<\/li>\n<li>Auslaufsicher<\/li>\n<\/ul>\n","protected":false},"featured_media":33,"comment_status":"open","ping_status":"closed","template":"","meta":[],"product_cat":[24],"product_tag":[],"class_list":{"0":"post-662","1":"product","2":"type-product","3":"status-publish","4":"has-post-thumbnail","6":"product_cat-lasergravuren","8":"first","9":"instock","10":"shipping-taxable","11":"purchasable","12":"product-type-simple"},"_links":{"self":[{"href":"https:\/\/mblasercutting.ch\/index.php?rest_route=\/wp\/v3\/product\/662","targetHints":{"allow":["GET"]}}],"collection":[{"href":"https:\/\/mblasercutting.ch\/index.php?rest_route=\/wp\/v3\/product"}],"about":[{"href":"https:\/\/mblasercutting.ch\/index.php?rest_route=\/wp\/v2\/types\/product"}],"replies":[{"embeddable":true,"href":"https:\/\/mblasercutting.ch\/index.php?rest_route=%2Fwp%2Fv2%2Fcomments&post=662"}],"wp:featuredmedia":[{"embeddable":true,"href":"https:\/\/mblasercutting.ch\/index.php?rest_route=\/wp\/v2\/media\/33"}],"wp:attachment":[{"href":"https:\/\/mblasercutting.ch\/index.php?rest_route=%2Fwp%2Fv2%2Fmedia&parent=662"}],"wp:term":[{"taxonomy":"product_cat","embeddable":true,"href":"https:\/\/mblasercutting.ch\/index.php?rest_route=%2Fwp%2Fv2%2Fproduct_cat&post=662"},{"taxonomy":"product_tag","embeddable":true,"href":"https:\/\/mblasercutting.ch\/index.php?rest_route=%2Fwp%2Fv2%2Fproduct_tag&post=662"}],"curies":[{"name":"wp","href":"https:\/\/api.w.org\/{rel}","templated":true}]}}